{"id":3508,"date":"2020-11-23T10:59:53","date_gmt":"2020-11-23T13:59:53","guid":{"rendered":"https:\/\/caetenews.com.br\/semana\/?page_id=3508"},"modified":"2020-11-23T11:05:40","modified_gmt":"2020-11-23T14:05:40","slug":"sbt-ao-vivo","status":"publish","type":"page","link":"https:\/\/caetenews.com.br\/semana\/canais-de-tv-ao-vivo\/sbt-ao-vivo\/","title":{"rendered":"SBT ao Vivo"},"content":{"rendered":"<p style=\"text-align: center;\">SBT ao Vivo<\/p>\n<p><iframe src=\"https:\/\/www.youtube.com\/embed\/NdXrjuYLpvY\" width=\"560\" height=\"315\" frameborder=\"0\" allowfullscreen=\"allowfullscreen\"><span data-mce-type=\"bookmark\" style=\"display: inline-block; width: 0px; overflow: hidden; line-height: 0;\" class=\"mce_SELRES_start\">\ufeff<\/span><\/iframe><\/p>\n","protected":false},"excerpt":{"rendered":"<p>SBT ao Vivo \ufeff<\/p>\n","protected":false},"author":1,"featured_media":0,"parent":3498,"menu_order":0,"comment_status":"closed","ping_status":"closed","template":"","meta":{"_monsterinsights_skip_tracking":false,"_monsterinsights_sitenote_active":false,"_monsterinsights_sitenote_note":"","_monsterinsights_sitenote_category":0,"footnotes":"","_wp_rev_ctl_limit":""},"class_list":["post-3508","page","type-page","status-publish","hentry"],"aioseo_notices":[],"jetpack_shortlink":"https:\/\/wp.me\/PcIKFi-UA","jetpack_sharing_enabled":true,"jetpack_likes_enabled":true,"jetpack-related-posts":[{"id":3498,"url":"https:\/\/caetenews.com.br\/semana\/canais-de-tv-ao-vivo\/","url_meta":{"origin":3508,"position":0},"title":"Canais de TV ao Vivo","author":"Paulo Ant\u00f4nio","date":"23\/11\/2020","format":false,"excerpt":"TV aberta: Aparecida Band TV Brasil Can\u00e7\u00e3o Nova CNT Cultura Escola Horizonte RBC TV Record News Rede TV (Assinantes) Rede Vida SBT TV Institucional: TV C\u00e2mara TV Senado TV Justi\u00e7a","rel":"","context":"Post similar","block_context":{"text":"Post similar","link":""},"img":{"alt_text":"","src":"","width":0,"height":0},"classes":[]},{"id":3552,"url":"https:\/\/caetenews.com.br\/semana\/canais-de-tv-ao-vivo\/tv-justica-ao-vivo\/","url_meta":{"origin":3508,"position":1},"title":"TV Justi\u00e7a ao vivo","author":"Paulo Ant\u00f4nio","date":"23\/11\/2020","format":false,"excerpt":"TV Justi\u00e7a","rel":"","context":"Post similar","block_context":{"text":"Post similar","link":""},"img":{"alt_text":"","src":"","width":0,"height":0},"classes":[]},{"id":3533,"url":"https:\/\/caetenews.com.br\/semana\/canais-de-tv-ao-vivo\/novo-tempo\/","url_meta":{"origin":3508,"position":2},"title":"RBC TV","author":"Paulo Ant\u00f4nio","date":"23\/11\/2020","format":false,"excerpt":"RBC","rel":"","context":"Post similar","block_context":{"text":"Post similar","link":""},"img":{"alt_text":"","src":"","width":0,"height":0},"classes":[]},{"id":3514,"url":"https:\/\/caetenews.com.br\/semana\/canais-de-tv-ao-vivo\/tv-aparecida\/","url_meta":{"origin":3508,"position":3},"title":"TV Aparecida","author":"Paulo Ant\u00f4nio","date":"23\/11\/2020","format":false,"excerpt":"TV Aparecida","rel":"","context":"Post similar","block_context":{"text":"Post similar","link":""},"img":{"alt_text":"","src":"","width":0,"height":0},"classes":[]},{"id":3517,"url":"https:\/\/caetenews.com.br\/semana\/canais-de-tv-ao-vivo\/tv-horizonte\/","url_meta":{"origin":3508,"position":4},"title":"TV Horizonte","author":"Paulo Ant\u00f4nio","date":"23\/11\/2020","format":false,"excerpt":"TV Horizonte","rel":"","context":"Post similar","block_context":{"text":"Post similar","link":""},"img":{"alt_text":"","src":"","width":0,"height":0},"classes":[]},{"id":3528,"url":"https:\/\/caetenews.com.br\/semana\/canais-de-tv-ao-vivo\/rede-vida\/","url_meta":{"origin":3508,"position":5},"title":"Rede Vida","author":"Paulo Ant\u00f4nio","date":"23\/11\/2020","format":false,"excerpt":"Rede Vida","rel":"","context":"Post similar","block_context":{"text":"Post similar","link":""},"img":{"alt_text":"","src":"","width":0,"height":0},"classes":[]}],"_links":{"self":[{"href":"https:\/\/caetenews.com.br\/semana\/wp-json\/wp\/v2\/pages\/3508","targetHints":{"allow":["GET"]}}],"collection":[{"href":"https:\/\/caetenews.com.br\/semana\/wp-json\/wp\/v2\/pages"}],"about":[{"href":"https:\/\/caetenews.com.br\/semana\/wp-json\/wp\/v2\/types\/page"}],"author":[{"embeddable":true,"href":"https:\/\/caetenews.com.br\/semana\/wp-json\/wp\/v2\/users\/1"}],"replies":[{"embeddable":true,"href":"https:\/\/caetenews.com.br\/semana\/wp-json\/wp\/v2\/comments?post=3508"}],"version-history":[{"count":0,"href":"https:\/\/caetenews.com.br\/semana\/wp-json\/wp\/v2\/pages\/3508\/revisions"}],"up":[{"embeddable":true,"href":"https:\/\/caetenews.com.br\/semana\/wp-json\/wp\/v2\/pages\/3498"}],"wp:attachment":[{"href":"https:\/\/caetenews.com.br\/semana\/wp-json\/wp\/v2\/media?parent=3508"}],"curies":[{"name":"wp","href":"https:\/\/api.w.org\/{rel}","templated":true}]}}