{"id":3514,"date":"2020-11-23T11:05:06","date_gmt":"2020-11-23T14:05:06","guid":{"rendered":"https:\/\/caetenews.com.br\/semana\/?page_id=3514"},"modified":"2020-11-23T11:34:26","modified_gmt":"2020-11-23T14:34:26","slug":"tv-aparecida","status":"publish","type":"page","link":"https:\/\/caetenews.com.br\/semana\/canais-de-tv-ao-vivo\/tv-aparecida\/","title":{"rendered":"TV Aparecida"},"content":{"rendered":"<p style=\"text-align: center;\">TV Aparecida<br \/>\n<iframe src=\"https:\/\/www.youtube.com\/embed\/T3o-CKUkR-s\" width=\"900\" height=\"506\" frameborder=\"0\" allowfullscreen=\"allowfullscreen\"><\/iframe><\/p>\n","protected":false},"excerpt":{"rendered":"<p>TV Aparecida<\/p>\n","protected":false},"author":1,"featured_media":0,"parent":3498,"menu_order":0,"comment_status":"closed","ping_status":"closed","template":"","meta":{"_monsterinsights_skip_tracking":false,"_monsterinsights_sitenote_active":false,"_monsterinsights_sitenote_note":"","_monsterinsights_sitenote_category":0,"footnotes":"","_wp_rev_ctl_limit":""},"class_list":["post-3514","page","type-page","status-publish","hentry"],"aioseo_notices":[],"jetpack_shortlink":"https:\/\/wp.me\/PcIKFi-UG","jetpack_sharing_enabled":true,"jetpack_likes_enabled":true,"jetpack-related-posts":[{"id":3498,"url":"https:\/\/caetenews.com.br\/semana\/canais-de-tv-ao-vivo\/","url_meta":{"origin":3514,"position":0},"title":"Canais de TV ao Vivo","author":"Paulo Ant\u00f4nio","date":"23\/11\/2020","format":false,"excerpt":"TV aberta: Aparecida Band TV Brasil Can\u00e7\u00e3o Nova CNT Cultura Escola Horizonte RBC TV Record News Rede TV (Assinantes) Rede Vida SBT TV Institucional: TV C\u00e2mara TV Senado TV Justi\u00e7a","rel":"","context":"Post similar","block_context":{"text":"Post similar","link":""},"img":{"alt_text":"","src":"","width":0,"height":0},"classes":[]},{"id":3517,"url":"https:\/\/caetenews.com.br\/semana\/canais-de-tv-ao-vivo\/tv-horizonte\/","url_meta":{"origin":3514,"position":1},"title":"TV Horizonte","author":"Paulo Ant\u00f4nio","date":"23\/11\/2020","format":false,"excerpt":"TV Horizonte","rel":"","context":"Post similar","block_context":{"text":"Post similar","link":""},"img":{"alt_text":"","src":"","width":0,"height":0},"classes":[]},{"id":3549,"url":"https:\/\/caetenews.com.br\/semana\/canais-de-tv-ao-vivo\/tv-senado\/","url_meta":{"origin":3514,"position":2},"title":"TV Senado","author":"Paulo Ant\u00f4nio","date":"23\/11\/2020","format":false,"excerpt":"TV Senado","rel":"","context":"Post similar","block_context":{"text":"Post similar","link":""},"img":{"alt_text":"","src":"","width":0,"height":0},"classes":[]},{"id":3552,"url":"https:\/\/caetenews.com.br\/semana\/canais-de-tv-ao-vivo\/tv-justica-ao-vivo\/","url_meta":{"origin":3514,"position":3},"title":"TV Justi\u00e7a ao vivo","author":"Paulo Ant\u00f4nio","date":"23\/11\/2020","format":false,"excerpt":"TV Justi\u00e7a","rel":"","context":"Post similar","block_context":{"text":"Post similar","link":""},"img":{"alt_text":"","src":"","width":0,"height":0},"classes":[]},{"id":3520,"url":"https:\/\/caetenews.com.br\/semana\/canais-de-tv-ao-vivo\/tv-cancao-nova\/","url_meta":{"origin":3514,"position":4},"title":"TV Can\u00e7\u00e3o Nova","author":"Paulo Ant\u00f4nio","date":"23\/11\/2020","format":false,"excerpt":"TV Can\u00e7\u00e3o Nova","rel":"","context":"Post similar","block_context":{"text":"Post similar","link":""},"img":{"alt_text":"","src":"","width":0,"height":0},"classes":[]},{"id":3533,"url":"https:\/\/caetenews.com.br\/semana\/canais-de-tv-ao-vivo\/novo-tempo\/","url_meta":{"origin":3514,"position":5},"title":"RBC TV","author":"Paulo Ant\u00f4nio","date":"23\/11\/2020","format":false,"excerpt":"RBC","rel":"","context":"Post similar","block_context":{"text":"Post similar","link":""},"img":{"alt_text":"","src":"","width":0,"height":0},"classes":[]}],"_links":{"self":[{"href":"https:\/\/caetenews.com.br\/semana\/wp-json\/wp\/v2\/pages\/3514","targetHints":{"allow":["GET"]}}],"collection":[{"href":"https:\/\/caetenews.com.br\/semana\/wp-json\/wp\/v2\/pages"}],"about":[{"href":"https:\/\/caetenews.com.br\/semana\/wp-json\/wp\/v2\/types\/page"}],"author":[{"embeddable":true,"href":"https:\/\/caetenews.com.br\/semana\/wp-json\/wp\/v2\/users\/1"}],"replies":[{"embeddable":true,"href":"https:\/\/caetenews.com.br\/semana\/wp-json\/wp\/v2\/comments?post=3514"}],"version-history":[{"count":0,"href":"https:\/\/caetenews.com.br\/semana\/wp-json\/wp\/v2\/pages\/3514\/revisions"}],"up":[{"embeddable":true,"href":"https:\/\/caetenews.com.br\/semana\/wp-json\/wp\/v2\/pages\/3498"}],"wp:attachment":[{"href":"https:\/\/caetenews.com.br\/semana\/wp-json\/wp\/v2\/media?parent=3514"}],"curies":[{"name":"wp","href":"https:\/\/api.w.org\/{rel}","templated":true}]}}