{"id":3539,"date":"2020-11-23T12:37:37","date_gmt":"2020-11-23T15:37:37","guid":{"rendered":"https:\/\/caetenews.com.br\/semana\/?page_id=3539"},"modified":"2020-11-23T12:38:58","modified_gmt":"2020-11-23T15:38:58","slug":"rede-cnt","status":"publish","type":"page","link":"https:\/\/caetenews.com.br\/semana\/canais-de-tv-ao-vivo\/rede-cnt\/","title":{"rendered":"Rede CNT"},"content":{"rendered":"<p style=\"text-align: center;\">Rede CNT<br \/>\n<iframe src=\"https:\/\/www.youtube.com\/embed\/6OM2CZfLRnA\" width=\"900\" height=\"506\" frameborder=\"0\" allowfullscreen=\"allowfullscreen\"><\/iframe><\/p>\n","protected":false},"excerpt":{"rendered":"<p>Rede CNT<\/p>\n","protected":false},"author":1,"featured_media":0,"parent":3498,"menu_order":0,"comment_status":"closed","ping_status":"closed","template":"","meta":{"_monsterinsights_skip_tracking":false,"_monsterinsights_sitenote_active":false,"_monsterinsights_sitenote_note":"","_monsterinsights_sitenote_category":0,"footnotes":"","_wp_rev_ctl_limit":""},"class_list":["post-3539","page","type-page","status-publish","hentry"],"aioseo_notices":[],"jetpack_shortlink":"https:\/\/wp.me\/PcIKFi-V5","jetpack_sharing_enabled":true,"jetpack_likes_enabled":true,"jetpack-related-posts":[{"id":3498,"url":"https:\/\/caetenews.com.br\/semana\/canais-de-tv-ao-vivo\/","url_meta":{"origin":3539,"position":0},"title":"Canais de TV ao Vivo","author":"Paulo Ant\u00f4nio","date":"23\/11\/2020","format":false,"excerpt":"TV aberta: Aparecida Band TV Brasil Can\u00e7\u00e3o Nova CNT Cultura Escola Horizonte RBC TV Record News Rede TV (Assinantes) Rede Vida SBT TV Institucional: TV C\u00e2mara TV Senado TV Justi\u00e7a","rel":"","context":"Post similar","block_context":{"text":"Post similar","link":""},"img":{"alt_text":"","src":"","width":0,"height":0},"classes":[]},{"id":3528,"url":"https:\/\/caetenews.com.br\/semana\/canais-de-tv-ao-vivo\/rede-vida\/","url_meta":{"origin":3539,"position":1},"title":"Rede Vida","author":"Paulo Ant\u00f4nio","date":"23\/11\/2020","format":false,"excerpt":"Rede Vida","rel":"","context":"Post similar","block_context":{"text":"Post similar","link":""},"img":{"alt_text":"","src":"","width":0,"height":0},"classes":[]}],"_links":{"self":[{"href":"https:\/\/caetenews.com.br\/semana\/wp-json\/wp\/v2\/pages\/3539","targetHints":{"allow":["GET"]}}],"collection":[{"href":"https:\/\/caetenews.com.br\/semana\/wp-json\/wp\/v2\/pages"}],"about":[{"href":"https:\/\/caetenews.com.br\/semana\/wp-json\/wp\/v2\/types\/page"}],"author":[{"embeddable":true,"href":"https:\/\/caetenews.com.br\/semana\/wp-json\/wp\/v2\/users\/1"}],"replies":[{"embeddable":true,"href":"https:\/\/caetenews.com.br\/semana\/wp-json\/wp\/v2\/comments?post=3539"}],"version-history":[{"count":0,"href":"https:\/\/caetenews.com.br\/semana\/wp-json\/wp\/v2\/pages\/3539\/revisions"}],"up":[{"embeddable":true,"href":"https:\/\/caetenews.com.br\/semana\/wp-json\/wp\/v2\/pages\/3498"}],"wp:attachment":[{"href":"https:\/\/caetenews.com.br\/semana\/wp-json\/wp\/v2\/media?parent=3539"}],"curies":[{"name":"wp","href":"https:\/\/api.w.org\/{rel}","templated":true}]}}