{"id":9460,"date":"2024-05-17T12:59:02","date_gmt":"2024-05-17T15:59:02","guid":{"rendered":"https:\/\/caetenews.com.br\/semana\/?page_id=9460"},"modified":"2024-06-15T11:55:57","modified_gmt":"2024-06-15T14:55:57","slug":"resumos-de-novelas","status":"publish","type":"page","link":"https:\/\/caetenews.com.br\/semana\/resumos-de-novelas\/","title":{"rendered":"Capa &#8211; Resumos de Novelas"},"content":{"rendered":"<div class=\"pt-cv-wrapper\"><div class=\"pt-cv-view pt-cv-grid pt-cv-colsys\" id=\"pt-cv-view-347c8d3gsl\"><div data-id=\"pt-cv-page-1\" class=\"pt-cv-page\" data-cvc=\"1\"><div class=\"col-md-12 col-sm-12 col-xs-12 pt-cv-content-item pt-cv-1-col\" ><div class='pt-cv-ifield'><a href=\"https:\/\/caetenews.com.br\/semana\/resumos-de-novelas-tres-gracas\/\" class=\"_self pt-cv-href-thumbnail pt-cv-thumb-default\" target=\"_self\" ><img data-recalc-dims=\"1\" fetchpriority=\"high\" decoding=\"async\" width=\"728\" height=\"409\" src=\"https:\/\/i0.wp.com\/caetenews.com.br\/semana\/wp-content\/uploads\/2025\/10\/12235.jpg?resize=728%2C409&#038;ssl=1\" class=\"pt-cv-thumbnail\" alt=\"Foto em Resumos de Novelas: Tr\u00eas Gra\u00e7as\" data-attachment-id=\"46537\" data-permalink=\"https:\/\/caetenews.com.br\/semana\/?attachment_id=46537\" data-orig-file=\"https:\/\/i0.wp.com\/caetenews.com.br\/semana\/wp-content\/uploads\/2025\/10\/12235.jpg?fit=728%2C409&amp;ssl=1\" data-orig-size=\"728,409\" data-comments-opened=\"0\" data-image-meta=\"{&quot;aperture&quot;:&quot;0&quot;,&quot;credit&quot;:&quot;&quot;,&quot;camera&quot;:&quot;&quot;,&quot;caption&quot;:&quot;&quot;,&quot;created_timestamp&quot;:&quot;0&quot;,&quot;copyright&quot;:&quot;&quot;,&quot;focal_length&quot;:&quot;0&quot;,&quot;iso&quot;:&quot;0&quot;,&quot;shutter_speed&quot;:&quot;0&quot;,&quot;title&quot;:&quot;&quot;,&quot;orientation&quot;:&quot;0&quot;}\" data-image-title=\"Tr\u00eas Gra\u00e7as\" data-image-description=\"\" data-image-caption=\"&lt;p&gt;Resumos de Novelas: Tr\u00eas Gra\u00e7as&lt;\/p&gt;\n\" data-large-file=\"https:\/\/i0.wp.com\/caetenews.com.br\/semana\/wp-content\/uploads\/2025\/10\/12235.jpg?fit=728%2C409&amp;ssl=1\" \/><\/a>\n<h4 class=\"pt-cv-title\"><a href=\"https:\/\/caetenews.com.br\/semana\/resumos-de-novelas-tres-gracas\/\" class=\"_self\" target=\"_self\" >Resumos de Novelas: Tr\u00eas Gra\u00e7as<\/a><\/h4><\/div><\/div>\n<div class=\"col-md-12 col-sm-12 col-xs-12 pt-cv-content-item pt-cv-1-col\" ><div class='pt-cv-ifield'><a href=\"https:\/\/caetenews.com.br\/semana\/resumos-de-novela-eta-mundo-melhor-de-30-06-a-05-de-julho\/\" class=\"_self pt-cv-href-thumbnail pt-cv-thumb-default\" target=\"_self\" ><img data-recalc-dims=\"1\" decoding=\"async\" width=\"728\" height=\"410\" src=\"https:\/\/i0.wp.com\/caetenews.com.br\/semana\/wp-content\/uploads\/2025\/06\/12774.jpg?resize=728%2C410&#038;ssl=1\" class=\"pt-cv-thumbnail\" alt=\"Foto em Resumos da Semana de \u00cata Mundo Melhor!\" data-attachment-id=\"46925\" data-permalink=\"https:\/\/caetenews.com.br\/semana\/resumos-de-novela-eta-mundo-melhor-de-30-06-a-05-de-julho\/attachment\/12774\/\" data-orig-file=\"https:\/\/i0.wp.com\/caetenews.com.br\/semana\/wp-content\/uploads\/2025\/06\/12774.jpg?fit=728%2C410&amp;ssl=1\" data-orig-size=\"728,410\" data-comments-opened=\"0\" data-image-meta=\"{&quot;aperture&quot;:&quot;0&quot;,&quot;credit&quot;:&quot;&quot;,&quot;camera&quot;:&quot;&quot;,&quot;caption&quot;:&quot;&quot;,&quot;created_timestamp&quot;:&quot;0&quot;,&quot;copyright&quot;:&quot;&quot;,&quot;focal_length&quot;:&quot;0&quot;,&quot;iso&quot;:&quot;0&quot;,&quot;shutter_speed&quot;:&quot;0&quot;,&quot;title&quot;:&quot;&quot;,&quot;orientation&quot;:&quot;0&quot;}\" data-image-title=\"\u00cata Mundo Melhor\" data-image-description=\"\" data-image-caption=\"&lt;p&gt;Foto em Resumos da Semana de \u00cata Mundo Melhor!&lt;\/p&gt;\n\" data-large-file=\"https:\/\/i0.wp.com\/caetenews.com.br\/semana\/wp-content\/uploads\/2025\/06\/12774.jpg?fit=728%2C410&amp;ssl=1\" \/><\/a>\n<h4 class=\"pt-cv-title\"><a href=\"https:\/\/caetenews.com.br\/semana\/resumos-de-novela-eta-mundo-melhor-de-30-06-a-05-de-julho\/\" class=\"_self\" target=\"_self\" >Resumos de novela: \u00cata Mundo Melhor!<\/a><\/h4><\/div><\/div>\n<div class=\"col-md-12 col-sm-12 col-xs-12 pt-cv-content-item pt-cv-1-col\" ><div class='pt-cv-ifield'><a href=\"https:\/\/caetenews.com.br\/semana\/resumos-de-novelas-dona-de-mim-12-a-17-5\/\" class=\"_self pt-cv-href-thumbnail pt-cv-thumb-default\" target=\"_self\" ><img data-recalc-dims=\"1\" decoding=\"async\" width=\"728\" height=\"409\" src=\"https:\/\/i0.wp.com\/caetenews.com.br\/semana\/wp-content\/uploads\/2025\/05\/11136b.jpg?resize=728%2C409&#038;ssl=1\" class=\"pt-cv-thumbnail\" alt=\"Foto em Resumos de Novelas: Dona de Mim\" data-attachment-id=\"11896\" data-permalink=\"https:\/\/caetenews.com.br\/semana\/resumos-de-novelas-dona-de-mim-12-a-17-5\/11136b\/\" data-orig-file=\"https:\/\/i0.wp.com\/caetenews.com.br\/semana\/wp-content\/uploads\/2025\/05\/11136b.jpg?fit=728%2C409&amp;ssl=1\" data-orig-size=\"728,409\" data-comments-opened=\"0\" data-image-meta=\"{&quot;aperture&quot;:&quot;0&quot;,&quot;credit&quot;:&quot;&quot;,&quot;camera&quot;:&quot;&quot;,&quot;caption&quot;:&quot;&quot;,&quot;created_timestamp&quot;:&quot;0&quot;,&quot;copyright&quot;:&quot;&quot;,&quot;focal_length&quot;:&quot;0&quot;,&quot;iso&quot;:&quot;0&quot;,&quot;shutter_speed&quot;:&quot;0&quot;,&quot;title&quot;:&quot;&quot;,&quot;orientation&quot;:&quot;0&quot;}\" data-image-title=\"Dona de Mim\" data-image-description=\"\" data-image-caption=\"\" data-large-file=\"https:\/\/i0.wp.com\/caetenews.com.br\/semana\/wp-content\/uploads\/2025\/05\/11136b.jpg?fit=728%2C409&amp;ssl=1\" \/><\/a>\n<h4 class=\"pt-cv-title\"><a href=\"https:\/\/caetenews.com.br\/semana\/resumos-de-novelas-dona-de-mim-12-a-17-5\/\" class=\"_self\" target=\"_self\" >Resumos de Novela: Dona de Mim<\/a><\/h4><\/div><\/div>\n<div class=\"col-md-12 col-sm-12 col-xs-12 pt-cv-content-item pt-cv-1-col\" ><div class='pt-cv-ifield'><a href=\"https:\/\/caetenews.com.br\/semana\/resumos-de-novela-garota-do-momento-04-a-09-11\/\" class=\"_self pt-cv-href-thumbnail pt-cv-thumb-default\" target=\"_self\" ><img data-recalc-dims=\"1\" loading=\"lazy\" decoding=\"async\" width=\"728\" height=\"407\" src=\"https:\/\/i0.wp.com\/caetenews.com.br\/semana\/wp-content\/uploads\/2024\/11\/40407c.jpg?resize=728%2C407&#038;ssl=1\" class=\"pt-cv-thumbnail\" alt=\"\" data-attachment-id=\"10827\" data-permalink=\"https:\/\/caetenews.com.br\/semana\/resumos-de-novela-garota-do-momento-04-a-09-11\/40407c\/\" data-orig-file=\"https:\/\/i0.wp.com\/caetenews.com.br\/semana\/wp-content\/uploads\/2024\/11\/40407c.jpg?fit=728%2C407&amp;ssl=1\" data-orig-size=\"728,407\" data-comments-opened=\"0\" data-image-meta=\"{&quot;aperture&quot;:&quot;0&quot;,&quot;credit&quot;:&quot;&quot;,&quot;camera&quot;:&quot;&quot;,&quot;caption&quot;:&quot;&quot;,&quot;created_timestamp&quot;:&quot;0&quot;,&quot;copyright&quot;:&quot;&quot;,&quot;focal_length&quot;:&quot;0&quot;,&quot;iso&quot;:&quot;0&quot;,&quot;shutter_speed&quot;:&quot;0&quot;,&quot;title&quot;:&quot;&quot;,&quot;orientation&quot;:&quot;0&quot;}\" data-image-title=\"Foto em Garota do Momento\" data-image-description=\"\" data-image-caption=\"\" data-large-file=\"https:\/\/i0.wp.com\/caetenews.com.br\/semana\/wp-content\/uploads\/2024\/11\/40407c.jpg?fit=728%2C407&amp;ssl=1\" \/><\/a>\n<h4 class=\"pt-cv-title\"><a href=\"https:\/\/caetenews.com.br\/semana\/resumos-de-novela-garota-do-momento-04-a-09-11\/\" class=\"_self\" target=\"_self\" >Resumos de Novela: Garota do Momento (19 a 28\/6))<\/a><\/h4><\/div><\/div>\n<div class=\"col-md-12 col-sm-12 col-xs-12 pt-cv-content-item pt-cv-1-col\" ><div class='pt-cv-ifield'><a href=\"https:\/\/caetenews.com.br\/semana\/resumo-de-novela-forca-de-mulher-28-10-a-1o-11\/\" class=\"_self pt-cv-href-thumbnail pt-cv-thumb-default\" target=\"_self\" ><img data-recalc-dims=\"1\" loading=\"lazy\" decoding=\"async\" width=\"728\" height=\"410\" src=\"https:\/\/i0.wp.com\/caetenews.com.br\/semana\/wp-content\/uploads\/2024\/10\/40336.jpg?resize=728%2C410&#038;ssl=1\" class=\"pt-cv-thumbnail\" alt=\"Resumo de Novela: For\u00e7a de Mulher\" data-attachment-id=\"10719\" data-permalink=\"https:\/\/caetenews.com.br\/semana\/resumo-de-novela-forca-de-mulher-28-10-a-1o-11\/attachment\/40336\/\" data-orig-file=\"https:\/\/i0.wp.com\/caetenews.com.br\/semana\/wp-content\/uploads\/2024\/10\/40336.jpg?fit=728%2C410&amp;ssl=1\" data-orig-size=\"728,410\" data-comments-opened=\"0\" data-image-meta=\"{&quot;aperture&quot;:&quot;0&quot;,&quot;credit&quot;:&quot;&quot;,&quot;camera&quot;:&quot;&quot;,&quot;caption&quot;:&quot;&quot;,&quot;created_timestamp&quot;:&quot;0&quot;,&quot;copyright&quot;:&quot;&quot;,&quot;focal_length&quot;:&quot;0&quot;,&quot;iso&quot;:&quot;0&quot;,&quot;shutter_speed&quot;:&quot;0&quot;,&quot;title&quot;:&quot;&quot;,&quot;orientation&quot;:&quot;0&quot;}\" data-image-title=\"Resumo de Novela\" data-image-description=\"\" data-image-caption=\"&lt;p&gt;Resumo de Novela: For\u00e7a de Mulher&lt;\/p&gt;\n\" data-large-file=\"https:\/\/i0.wp.com\/caetenews.com.br\/semana\/wp-content\/uploads\/2024\/10\/40336.jpg?fit=728%2C410&amp;ssl=1\" \/><\/a>\n<h4 class=\"pt-cv-title\"><a href=\"https:\/\/caetenews.com.br\/semana\/resumo-de-novela-forca-de-mulher-28-10-a-1o-11\/\" class=\"_self\" target=\"_self\" >Resumo de Novela: For\u00e7a de Mulher (23 a 27\/06)<\/a><\/h4><\/div><\/div>\n<div class=\"col-md-12 col-sm-12 col-xs-12 pt-cv-content-item pt-cv-1-col\" ><div class='pt-cv-ifield'><a href=\"https:\/\/caetenews.com.br\/semana\/resuos-de-novelas-volta-por-cima\/\" class=\"_self pt-cv-href-thumbnail pt-cv-thumb-default\" target=\"_self\" ><img data-recalc-dims=\"1\" loading=\"lazy\" decoding=\"async\" width=\"728\" height=\"410\" src=\"https:\/\/i0.wp.com\/caetenews.com.br\/semana\/wp-content\/uploads\/2024\/10\/40324b.jpg?resize=728%2C410&#038;ssl=1\" class=\"pt-cv-thumbnail\" alt=\"Foto em Resuos de Novelas: Volta por Cima\" data-attachment-id=\"10711\" data-permalink=\"https:\/\/caetenews.com.br\/semana\/resuos-de-novelas-volta-por-cima\/40324b\/\" data-orig-file=\"https:\/\/i0.wp.com\/caetenews.com.br\/semana\/wp-content\/uploads\/2024\/10\/40324b.jpg?fit=728%2C410&amp;ssl=1\" data-orig-size=\"728,410\" data-comments-opened=\"0\" data-image-meta=\"{&quot;aperture&quot;:&quot;0&quot;,&quot;credit&quot;:&quot;&quot;,&quot;camera&quot;:&quot;&quot;,&quot;caption&quot;:&quot;&quot;,&quot;created_timestamp&quot;:&quot;0&quot;,&quot;copyright&quot;:&quot;&quot;,&quot;focal_length&quot;:&quot;0&quot;,&quot;iso&quot;:&quot;0&quot;,&quot;shutter_speed&quot;:&quot;0&quot;,&quot;title&quot;:&quot;&quot;,&quot;orientation&quot;:&quot;0&quot;}\" data-image-title=\"Resuos de Novelas\" data-image-description=\"\" data-image-caption=\"&lt;p&gt;Resuos de Novelas: Volta por Cima&lt;\/p&gt;\n\" data-large-file=\"https:\/\/i0.wp.com\/caetenews.com.br\/semana\/wp-content\/uploads\/2024\/10\/40324b.jpg?fit=728%2C410&amp;ssl=1\" \/><\/a>\n<h4 class=\"pt-cv-title\"><a href=\"https:\/\/caetenews.com.br\/semana\/resuos-de-novelas-volta-por-cima\/\" class=\"_self\" target=\"_self\" >Resumos de Novelas: Volta por Cima (11 a 19\/04)<\/a><\/h4><\/div><\/div>\n<div class=\"col-md-12 col-sm-12 col-xs-12 pt-cv-content-item pt-cv-1-col\" ><div class='pt-cv-ifield'><a href=\"https:\/\/caetenews.com.br\/semana\/resumos-de-novelas-mania-de-voce\/\" class=\"_self pt-cv-href-thumbnail pt-cv-thumb-default\" target=\"_self\" ><img data-recalc-dims=\"1\" loading=\"lazy\" decoding=\"async\" width=\"728\" height=\"410\" src=\"https:\/\/i0.wp.com\/caetenews.com.br\/semana\/wp-content\/uploads\/2024\/09\/40169.jpg?resize=728%2C410&#038;ssl=1\" class=\"pt-cv-thumbnail\" alt=\"\" data-attachment-id=\"10547\" data-permalink=\"https:\/\/caetenews.com.br\/semana\/resumos-de-novelas-mania-de-voce\/attachment\/40169\/\" data-orig-file=\"https:\/\/i0.wp.com\/caetenews.com.br\/semana\/wp-content\/uploads\/2024\/09\/40169.jpg?fit=728%2C410&amp;ssl=1\" data-orig-size=\"728,410\" data-comments-opened=\"0\" data-image-meta=\"{&quot;aperture&quot;:&quot;0&quot;,&quot;credit&quot;:&quot;&quot;,&quot;camera&quot;:&quot;&quot;,&quot;caption&quot;:&quot;&quot;,&quot;created_timestamp&quot;:&quot;0&quot;,&quot;copyright&quot;:&quot;&quot;,&quot;focal_length&quot;:&quot;0&quot;,&quot;iso&quot;:&quot;0&quot;,&quot;shutter_speed&quot;:&quot;0&quot;,&quot;title&quot;:&quot;&quot;,&quot;orientation&quot;:&quot;0&quot;}\" data-image-title=\"40169\" data-image-description=\"\" data-image-caption=\"\" data-large-file=\"https:\/\/i0.wp.com\/caetenews.com.br\/semana\/wp-content\/uploads\/2024\/09\/40169.jpg?fit=728%2C410&amp;ssl=1\" \/><\/a>\n<h4 class=\"pt-cv-title\"><a href=\"https:\/\/caetenews.com.br\/semana\/resumos-de-novelas-mania-de-voce\/\" class=\"_self\" target=\"_self\" >Resumos de novelas: Mania de Voc\u00ea (Finais)<\/a><\/h4><\/div><\/div>\n<div class=\"col-md-12 col-sm-12 col-xs-12 pt-cv-content-item pt-cv-1-col\" ><div class='pt-cv-ifield'><a href=\"https:\/\/caetenews.com.br\/semana\/resumo-de-novela-a-caverna-encantada\/\" class=\"_self pt-cv-href-thumbnail pt-cv-thumb-default\" target=\"_self\" ><img data-recalc-dims=\"1\" loading=\"lazy\" decoding=\"async\" width=\"728\" height=\"410\" src=\"https:\/\/i0.wp.com\/caetenews.com.br\/semana\/wp-content\/uploads\/2024\/11\/40403b.jpg?resize=728%2C410&#038;ssl=1\" class=\"pt-cv-thumbnail\" alt=\"Foto em Resumo de Novela: A Caverna Encantada\" data-attachment-id=\"10807\" data-permalink=\"https:\/\/caetenews.com.br\/semana\/resumo-de-novela-a-caverna-encantada\/40403b\/\" data-orig-file=\"https:\/\/i0.wp.com\/caetenews.com.br\/semana\/wp-content\/uploads\/2024\/11\/40403b.jpg?fit=728%2C410&amp;ssl=1\" data-orig-size=\"728,410\" data-comments-opened=\"0\" data-image-meta=\"{&quot;aperture&quot;:&quot;0&quot;,&quot;credit&quot;:&quot;&quot;,&quot;camera&quot;:&quot;&quot;,&quot;caption&quot;:&quot;&quot;,&quot;created_timestamp&quot;:&quot;0&quot;,&quot;copyright&quot;:&quot;&quot;,&quot;focal_length&quot;:&quot;0&quot;,&quot;iso&quot;:&quot;0&quot;,&quot;shutter_speed&quot;:&quot;0&quot;,&quot;title&quot;:&quot;&quot;,&quot;orientation&quot;:&quot;0&quot;}\" data-image-title=\"A Caverna Encantada\" data-image-description=\"\" data-image-caption=\"&lt;p&gt;Resumo de Novela: A Caverna Encantada&#8230;.&lt;\/p&gt;\n\" data-large-file=\"https:\/\/i0.wp.com\/caetenews.com.br\/semana\/wp-content\/uploads\/2024\/11\/40403b.jpg?fit=728%2C410&amp;ssl=1\" \/><\/a>\n<h4 class=\"pt-cv-title\"><a href=\"https:\/\/caetenews.com.br\/semana\/resumo-de-novela-a-caverna-encantada\/\" class=\"_self\" target=\"_self\" >Resumo de Novela: A Caverna Encantada (1\u00b0 a 06\/9)<\/a><\/h4><\/div><\/div><\/div><\/div><\/div>\n","protected":false},"excerpt":{"rendered":"","protected":false},"author":1,"featured_media":0,"parent":0,"menu_order":0,"comment_status":"closed","ping_status":"closed","template":"","meta":{"_monsterinsights_skip_tracking":false,"_monsterinsights_sitenote_active":false,"_monsterinsights_sitenote_note":"","_monsterinsights_sitenote_category":0,"footnotes":"","_wp_rev_ctl_limit":""},"class_list":["post-9460","page","type-page","status-publish","hentry"],"aioseo_notices":[],"jetpack_shortlink":"https:\/\/wp.me\/PcIKFi-2sA","jetpack_sharing_enabled":true,"jetpack_likes_enabled":true,"jetpack-related-posts":[{"id":3239,"url":"https:\/\/caetenews.com.br\/semana\/","url_meta":{"origin":9460,"position":0},"title":"O que se passa","author":"Paulo Ant\u00f4nio","date":"26\/04\/2024","format":false,"excerpt":"Heading Resumos de Novelas: Tr\u00eas Gra\u00e7as GloboNovelasResumos de Novelas Resumos de Novelas: Tr\u00eas Gra\u00e7as... Os resumos da semana na novela das 21h da Globo ... Leia Mais 25\/10\/2025 \/ Paulo Ant\u00f4nio Resumos de novela: \u00cata Mundo Melhor! In\u00edcioResumos de Novelas Resumos de novela: \u00cata Mundo Melhor!. O que vai acontece\u2026","rel":"","context":"Post similar","block_context":{"text":"Post similar","link":""},"img":{"alt_text":"Foto em Resumos de Novelas: Tr\u00eas Gra\u00e7as","src":"https:\/\/i0.wp.com\/caetenews.com.br\/semana\/wp-content\/uploads\/2025\/10\/12235.jpg?resize=350%2C200&ssl=1","width":350,"height":200,"srcset":"https:\/\/i0.wp.com\/caetenews.com.br\/semana\/wp-content\/uploads\/2025\/10\/12235.jpg?resize=350%2C200&ssl=1 1x, https:\/\/i0.wp.com\/caetenews.com.br\/semana\/wp-content\/uploads\/2025\/10\/12235.jpg?resize=525%2C300&ssl=1 1.5x, https:\/\/i0.wp.com\/caetenews.com.br\/semana\/wp-content\/uploads\/2025\/10\/12235.jpg?resize=700%2C400&ssl=1 2x"},"classes":[]},{"id":10874,"url":"https:\/\/caetenews.com.br\/semana\/elementor-10874\/","url_meta":{"origin":9460,"position":1},"title":"Elementor #10874","author":"Paulo Ant\u00f4nio","date":"11\/11\/2024","format":false,"excerpt":"Heading Resumo de Novela: A Caverna Encantada (11 a 15\/11) Resumo de Novela: Os cap\u00edtulos da semana na novela do SBT, A Caverna Encantada ... Leia Mais 08\/11\/2024 \/ Reda\u00e7\u00e3o Resumos de Novela: Garota do Momento (11 a 16\/11) Resumos de Novela: O que acontece nos cap\u00edtulos da semana de\u2026","rel":"","context":"Post similar","block_context":{"text":"Post similar","link":""},"img":{"alt_text":"Foto em Resumo de Novela: A Caverna Encantada","src":"https:\/\/i0.wp.com\/caetenews.com.br\/semana\/wp-content\/uploads\/2024\/11\/40403b.jpg?resize=350%2C200&ssl=1","width":350,"height":200,"srcset":"https:\/\/i0.wp.com\/caetenews.com.br\/semana\/wp-content\/uploads\/2024\/11\/40403b.jpg?resize=350%2C200&ssl=1 1x, https:\/\/i0.wp.com\/caetenews.com.br\/semana\/wp-content\/uploads\/2024\/11\/40403b.jpg?resize=525%2C300&ssl=1 1.5x, https:\/\/i0.wp.com\/caetenews.com.br\/semana\/wp-content\/uploads\/2024\/11\/40403b.jpg?resize=700%2C400&ssl=1 2x"},"classes":[]}],"_links":{"self":[{"href":"https:\/\/caetenews.com.br\/semana\/wp-json\/wp\/v2\/pages\/9460","targetHints":{"allow":["GET"]}}],"collection":[{"href":"https:\/\/caetenews.com.br\/semana\/wp-json\/wp\/v2\/pages"}],"about":[{"href":"https:\/\/caetenews.com.br\/semana\/wp-json\/wp\/v2\/types\/page"}],"author":[{"embeddable":true,"href":"https:\/\/caetenews.com.br\/semana\/wp-json\/wp\/v2\/users\/1"}],"replies":[{"embeddable":true,"href":"https:\/\/caetenews.com.br\/semana\/wp-json\/wp\/v2\/comments?post=9460"}],"version-history":[{"count":4,"href":"https:\/\/caetenews.com.br\/semana\/wp-json\/wp\/v2\/pages\/9460\/revisions"}],"predecessor-version":[{"id":9745,"href":"https:\/\/caetenews.com.br\/semana\/wp-json\/wp\/v2\/pages\/9460\/revisions\/9745"}],"wp:attachment":[{"href":"https:\/\/caetenews.com.br\/semana\/wp-json\/wp\/v2\/media?parent=9460"}],"curies":[{"name":"wp","href":"https:\/\/api.w.org\/{rel}","templated":true}]}}